{"id":64,"date":"2015-01-31T12:14:51","date_gmt":"2015-01-31T11:14:51","guid":{"rendered":"http:\/\/www.hyozan.es\/?page_id=64"},"modified":"2023-09-13T14:11:37","modified_gmt":"2023-09-13T13:11:37","slug":"inicio","status":"publish","type":"page","link":"https:\/\/www.hyozan.es\/","title":{"rendered":"Bienvenida"},"content":{"rendered":"<p style=\"text-align: left;\"><div aria-live=\"polite\" id=\"soliloquy-container-717_1\" class=\"soliloquy-container soliloquy-transition-fade  soliloquy-theme-base\" style=\"max-width:1050px;max-height:300px;\"><ul id=\"soliloquy-717_1\" class=\"soliloquy-slider soliloquy-slides soliloquy-wrap soliloquy-clear\"><li aria-hidden=\"true\" class=\"soliloquy-item soliloquy-item-1 soliloquy-image-slide\" draggable=\"false\" style=\"list-style:none\"><img decoding=\"async\" id=\"soliloquy-image-712\" class=\"soliloquy-image soliloquy-image-1\" src=\"https:\/\/www.hyozan.es\/wp-content\/uploads\/2023\/09\/Hyozan-1-1050x300_c.jpg\" alt=\"Hyozan\" \/><\/li><\/ul><\/div><noscript><style type=\"text\/css\">#soliloquy-container-717_1{opacity:1}<\/style><\/noscript><\/p>\n<p><strong>\u00a1Gracias por tu visita!<\/strong><\/p>\n<p>Este es un punto de encuentro especializado que naci\u00f3 con la pretensi\u00f3n de facilitar el acompa\u00f1amiento a todas aquellas personas que sintieran la necesidad de reencontrarse, cuidarse y desarrollarse, a trav\u00e9s de los valiosos recursos que ofrecen la Naturaleza, la Medicina Psicosom\u00e1tica y la Psicolog\u00eda de la Salud.<\/p>\n<p>No obstante, en la actualidad, <strong>la agenda permanece cerrada<\/strong> por un periodo de tiempo que puede variar, mientras me dedico \u00edntegramente al estudio y la escritura.<\/p>\n","protected":false},"excerpt":{"rendered":"<p>\u00a1Gracias por tu visita! Este es un punto de encuentro especializado que naci\u00f3 con la pretensi\u00f3n de facilitar el acompa\u00f1amiento a todas aquellas personas que sintieran la necesidad de reencontrarse, [&hellip;]<\/p>\n","protected":false},"author":1,"featured_media":0,"parent":0,"menu_order":0,"comment_status":"open","ping_status":"open","template":"","meta":{"_genesis_hide_title":false,"_genesis_hide_breadcrumbs":false,"_genesis_hide_singular_image":false,"_genesis_hide_footer_widgets":false,"_genesis_custom_body_class":"","_genesis_custom_post_class":"","_genesis_layout":"full-width-content","footnotes":""},"class_list":["post-64","page","type-page","status-publish","entry"],"_links":{"self":[{"href":"https:\/\/www.hyozan.es\/index.php?rest_route=\/wp\/v2\/pages\/64","targetHints":{"allow":["GET"]}}],"collection":[{"href":"https:\/\/www.hyozan.es\/index.php?rest_route=\/wp\/v2\/pages"}],"about":[{"href":"https:\/\/www.hyozan.es\/index.php?rest_route=\/wp\/v2\/types\/page"}],"author":[{"embeddable":true,"href":"https:\/\/www.hyozan.es\/index.php?rest_route=\/wp\/v2\/users\/1"}],"replies":[{"embeddable":true,"href":"https:\/\/www.hyozan.es\/index.php?rest_route=%2Fwp%2Fv2%2Fcomments&post=64"}],"version-history":[{"count":33,"href":"https:\/\/www.hyozan.es\/index.php?rest_route=\/wp\/v2\/pages\/64\/revisions"}],"predecessor-version":[{"id":719,"href":"https:\/\/www.hyozan.es\/index.php?rest_route=\/wp\/v2\/pages\/64\/revisions\/719"}],"wp:attachment":[{"href":"https:\/\/www.hyozan.es\/index.php?rest_route=%2Fwp%2Fv2%2Fmedia&parent=64"}],"curies":[{"name":"wp","href":"https:\/\/api.w.org\/{rel}","templated":true}]}}