{"id":210,"date":"2015-07-10T15:17:34","date_gmt":"2015-07-10T14:17:34","guid":{"rendered":"http:\/\/www.hyozan.es\/?page_id=210"},"modified":"2023-09-12T18:37:35","modified_gmt":"2023-09-12T17:37:35","slug":"porque-hyozan","status":"publish","type":"page","link":"https:\/\/www.hyozan.es\/?page_id=210","title":{"rendered":"Porqu\u00e9 Hy\u014dzan"},"content":{"rendered":"<p style=\"text-align: left;\">Hace ya un tiempo, recib\u00ed como regalo la Biograf\u00eda del Silencio, un ensayo de Pablo d\u2019Ors sobre su pr\u00e1ctica personal de meditaci\u00f3n. En cierto momento de la lectura, d\u2019Ors utiliza la simbolog\u00eda de un iceberg como met\u00e1fora sobre el modo de afrontar los\u00a0 problemas. Para el autor, <strong>cuando se es consciente de un malestar, se est\u00e1 \u00fanicamente sobre la superficie del agua, desde donde puede verse la punta del iceberg<\/strong>. M\u00e1s tarde, el trabajo personal requerir\u00e1 de valent\u00eda suficiente para hundir la cabeza y ver lo grande que es aquello a lo que ha de enfrentarse.<\/p>\n<p style=\"text-align: left;\">De cualquier modo, aunque evidentemente el tama\u00f1o del iceberg importa, es indudable que, acercando una fuente de calor continua, tarde o temprano acabar\u00e1 por deshacerse. Por eso, \u00a0<strong>es posible que tu iceberg sea muy grande en estos momentos, pero siempre puedes empezar acercando un poco de calor para sentirte mejor.<\/strong><\/p>\n<p style=\"text-align: left;\">En este sentido, Hy\u014dzan es un t\u00e9rmino japon\u00e9s que significa iceberg y, desde ni\u00f1o, siempre he estado vinculado de alguna forma a este pa\u00eds, al que he podido viajar en varias ocasiones con motivo de mi pr\u00e1ctica. Es por esto que decid\u00ed nombrar as\u00ed el sitio web y ahora he querido compartirlo contigo.<\/p>\n<h6>\u00a0<\/h6>\n\n\n<p><\/p>\n","protected":false},"excerpt":{"rendered":"<p>Hace ya un tiempo, recib\u00ed como regalo la Biograf\u00eda del Silencio, un ensayo de Pablo d\u2019Ors sobre su pr\u00e1ctica personal de meditaci\u00f3n. En cierto momento de la lectura, d\u2019Ors utiliza [&hellip;]<\/p>\n","protected":false},"author":1,"featured_media":0,"parent":0,"menu_order":0,"comment_status":"open","ping_status":"open","template":"","meta":{"_genesis_hide_title":false,"_genesis_hide_breadcrumbs":false,"_genesis_hide_singular_image":false,"_genesis_hide_footer_widgets":false,"_genesis_custom_body_class":"","_genesis_custom_post_class":"","_genesis_layout":"","footnotes":""},"class_list":["post-210","page","type-page","status-publish","entry"],"_links":{"self":[{"href":"https:\/\/www.hyozan.es\/index.php?rest_route=\/wp\/v2\/pages\/210","targetHints":{"allow":["GET"]}}],"collection":[{"href":"https:\/\/www.hyozan.es\/index.php?rest_route=\/wp\/v2\/pages"}],"about":[{"href":"https:\/\/www.hyozan.es\/index.php?rest_route=\/wp\/v2\/types\/page"}],"author":[{"embeddable":true,"href":"https:\/\/www.hyozan.es\/index.php?rest_route=\/wp\/v2\/users\/1"}],"replies":[{"embeddable":true,"href":"https:\/\/www.hyozan.es\/index.php?rest_route=%2Fwp%2Fv2%2Fcomments&post=210"}],"version-history":[{"count":14,"href":"https:\/\/www.hyozan.es\/index.php?rest_route=\/wp\/v2\/pages\/210\/revisions"}],"predecessor-version":[{"id":708,"href":"https:\/\/www.hyozan.es\/index.php?rest_route=\/wp\/v2\/pages\/210\/revisions\/708"}],"wp:attachment":[{"href":"https:\/\/www.hyozan.es\/index.php?rest_route=%2Fwp%2Fv2%2Fmedia&parent=210"}],"curies":[{"name":"wp","href":"https:\/\/api.w.org\/{rel}","templated":true}]}}