{"id":207,"date":"2015-07-10T15:14:59","date_gmt":"2015-07-10T14:14:59","guid":{"rendered":"http:\/\/www.hyozan.es\/?page_id=207"},"modified":"2023-09-13T20:38:32","modified_gmt":"2023-09-13T19:38:32","slug":"sobre-jose","status":"publish","type":"page","link":"https:\/\/www.hyozan.es\/?page_id=207","title":{"rendered":"Sobre m\u00ed"},"content":{"rendered":"<p style=\"text-align: center;\"><strong><span aria-hidden=\"true\">\u00a1Hola y gracias por tu inter\u00e9s en conocerme!<\/span><\/strong><\/p>\n<p><span aria-hidden=\"true\">Soy Jos\u00e9, psic\u00f3logo, experto en Medicina Psicosom\u00e1tica y Psicolog\u00eda de la Salud, con una formaci\u00f3n variada que incluye psicolog\u00eda del trauma, perspectiva de g\u00e9nero y t\u00e9cnicas de gu\u00eda en la naturaleza, entre otros campos.<br \/>\n<\/span><\/p>\n<p><span aria-hidden=\"true\">No obstante, siempre estuve interesado en el ser humano, su potencial latente y las preguntas existenciales con dif\u00edcil respuesta. Por eso, incursion\u00e9 de forma temprana en la pr\u00e1ctica de la meditaci\u00f3n y de algunos sistemas de sanaci\u00f3n tradicionales, antes de estudiar Psicolog\u00eda. Estas aproximaciones, de las que siempre me atrajo su visi\u00f3n bio-psico-social-espiritual de la persona, derivaron en dos viajes de pr\u00e1ctica cl\u00ednica y voluntariado en China (Beijing y Qinhai-T\u00edbet), que no hicieron m\u00e1s que acrecentar mi pasi\u00f3n por la Psicolog\u00eda de la Salud y la Medicina Psicosom\u00e1tica, influyendo sin duda en mi forma de acompa\u00f1ar.<br \/>\n<\/span><\/p>\n<p>En la actualidad, resulta f\u00e1cil encontrarme inmerso en alg\u00fan paraje natural, viajando o descubriendo experiencias culturales con mi familia.<\/p>\n<p><a href=\"https:\/\/www.hyozan.es\/wp-content\/uploads\/2023\/09\/Jose_Patricio_Andreu_LinkedIn.jpg\"><img loading=\"lazy\" decoding=\"async\" class=\"wp-image-672 aligncenter\" src=\"https:\/\/www.hyozan.es\/wp-content\/uploads\/2023\/09\/Jose_Patricio_Andreu_LinkedIn.jpg\" alt=\"\" width=\"362\" height=\"488\" srcset=\"https:\/\/www.hyozan.es\/wp-content\/uploads\/2023\/09\/Jose_Patricio_Andreu_LinkedIn.jpg 750w, https:\/\/www.hyozan.es\/wp-content\/uploads\/2023\/09\/Jose_Patricio_Andreu_LinkedIn-223x300.jpg 223w\" sizes=\"auto, (max-width: 362px) 100vw, 362px\" \/><\/a><\/p>\n<p style=\"text-align: center;\">\n","protected":false},"excerpt":{"rendered":"<p>\u00a1Hola y gracias por tu inter\u00e9s en conocerme! Soy Jos\u00e9, psic\u00f3logo, experto en Medicina Psicosom\u00e1tica y Psicolog\u00eda de la Salud, con una formaci\u00f3n variada que incluye psicolog\u00eda del trauma, perspectiva [&hellip;]<\/p>\n","protected":false},"author":1,"featured_media":672,"parent":0,"menu_order":0,"comment_status":"open","ping_status":"open","template":"","meta":{"_genesis_hide_title":false,"_genesis_hide_breadcrumbs":false,"_genesis_hide_singular_image":false,"_genesis_hide_footer_widgets":false,"_genesis_custom_body_class":"","_genesis_custom_post_class":"","_genesis_layout":"","footnotes":""},"class_list":["post-207","page","type-page","status-publish","has-post-thumbnail","entry"],"_links":{"self":[{"href":"https:\/\/www.hyozan.es\/index.php?rest_route=\/wp\/v2\/pages\/207","targetHints":{"allow":["GET"]}}],"collection":[{"href":"https:\/\/www.hyozan.es\/index.php?rest_route=\/wp\/v2\/pages"}],"about":[{"href":"https:\/\/www.hyozan.es\/index.php?rest_route=\/wp\/v2\/types\/page"}],"author":[{"embeddable":true,"href":"https:\/\/www.hyozan.es\/index.php?rest_route=\/wp\/v2\/users\/1"}],"replies":[{"embeddable":true,"href":"https:\/\/www.hyozan.es\/index.php?rest_route=%2Fwp%2Fv2%2Fcomments&post=207"}],"version-history":[{"count":25,"href":"https:\/\/www.hyozan.es\/index.php?rest_route=\/wp\/v2\/pages\/207\/revisions"}],"predecessor-version":[{"id":721,"href":"https:\/\/www.hyozan.es\/index.php?rest_route=\/wp\/v2\/pages\/207\/revisions\/721"}],"wp:featuredmedia":[{"embeddable":true,"href":"https:\/\/www.hyozan.es\/index.php?rest_route=\/wp\/v2\/media\/672"}],"wp:attachment":[{"href":"https:\/\/www.hyozan.es\/index.php?rest_route=%2Fwp%2Fv2%2Fmedia&parent=207"}],"curies":[{"name":"wp","href":"https:\/\/api.w.org\/{rel}","templated":true}]}}